

{"id":4,"date":"2011-12-08T11:55:34","date_gmt":"2011-12-08T10:55:34","guid":{"rendered":"http:\/\/project.inria.fr\/template1\/?page_id=4"},"modified":"2022-02-16T12:03:24","modified_gmt":"2022-02-16T11:03:24","slug":"home","status":"publish","type":"page","link":"https:\/\/ia-energie.loria.fr\/fr\/","title":{"rendered":"Save the date !"},"content":{"rendered":"<p><\/p>\n<p style=\"text-align: left;\">CentraleSup\u00e9lec Metz et le Loria (CNRS, Inria, Universit\u00e9 de Lorraine) organisent un s\u00e9minaire IA et \u00e9nergie le 24 mars de 14 heures \u00e0 19 heures sur le campus de CentraleSup\u00e9lec Metz.<\/p>\n<p style=\"text-align: left;\">Notre soci\u00e9t\u00e9 vit actuellement une transition \u00e9nerg\u00e9tique qui pose de nombreux d\u00e9fis en termes de gestion de la production, du transport, du stockage et de la consommation de l&rsquo;\u00e9nergie.<\/p>\n<p style=\"text-align: left;\">Ces d\u00e9fis concernent la soci\u00e9t\u00e9 dans sa globalit\u00e9 et leur \u00e9tude demande une r\u00e9flexion syst\u00e9mique. Ils posent de nombreuses questions qui d\u00e9passent largement le cadre du domaine de l\u2019\u00e9nergie ; touchant notamment \u00e0 celui de l&rsquo;intelligence artificielle.<\/p>\n<p>&nbsp;<\/p>\n<p style=\"text-align: center;\"><a href=\"https:\/\/ia-energie.loria.fr\/programme\/\" target=\"_blank\" rel=\"noopener\"><img loading=\"lazy\" decoding=\"async\" class=\"alignnone wp-image-101\" src=\"https:\/\/ia-energie.loria.fr\/files\/2022\/02\/bouton-programme_Plan-de-travail-1-300x80.jpg\" alt=\"\" width=\"210\" height=\"56\" \/><\/a>\u00a0 \u00a0 \u00a0 \u00a0 \u00a0 \u00a0 \u00a0\u00a0<a href=\"https:\/\/ia-energie.loria.fr\/inscription\/\" target=\"_blank\" rel=\"noopener\"><img loading=\"lazy\" decoding=\"async\" class=\"alignnone wp-image-102\" src=\"https:\/\/ia-energie.loria.fr\/files\/2022\/02\/bouton-inscriptions_Plan-de-travail-1-300x80.jpg\" alt=\"\" width=\"210\" height=\"56\" \/><\/a><\/p>\n<p><a href=\"https:\/\/ia-energie.loria.fr\/files\/2022\/02\/SAVE-THE-DATE-Metz-IA-Energie-v15022022.png\"><img loading=\"lazy\" decoding=\"async\" class=\" wp-image-132 aligncenter\" src=\"https:\/\/ia-energie.loria.fr\/files\/2022\/02\/SAVE-THE-DATE-Metz-IA-Energie-v15022022.png\" alt=\"\" width=\"700\" height=\"350\" srcset=\"https:\/\/ia-energie.loria.fr\/files\/2022\/02\/SAVE-THE-DATE-Metz-IA-Energie-v15022022.png 6912w, https:\/\/ia-energie.loria.fr\/files\/2022\/02\/SAVE-THE-DATE-Metz-IA-Energie-v15022022-300x150.png 300w, https:\/\/ia-energie.loria.fr\/files\/2022\/02\/SAVE-THE-DATE-Metz-IA-Energie-v15022022-768x384.png 768w, https:\/\/ia-energie.loria.fr\/files\/2022\/02\/SAVE-THE-DATE-Metz-IA-Energie-v15022022-1024x512.png 1024w, https:\/\/ia-energie.loria.fr\/files\/2022\/02\/SAVE-THE-DATE-Metz-IA-Energie-v15022022-150x75.png 150w\" sizes=\"auto, (max-width: 700px) 100vw, 700px\" \/><\/a><\/p>","protected":false},"excerpt":{"rendered":"<p>CentraleSup\u00e9lec Metz et le Loria (CNRS, Inria, Universit\u00e9 de Lorraine) organisent un s\u00e9minaire IA et \u00e9nergie le 24 mars de 14 heures \u00e0 19 heures sur le campus de CentraleSup\u00e9lec Metz. Notre soci\u00e9t\u00e9 vit actuellement une transition \u00e9nerg\u00e9tique qui pose de nombreux d\u00e9fis en termes de gestion de la production,\u2026<\/p>\n<p> <a class=\"continue-reading-link\" href=\"https:\/\/ia-energie.loria.fr\/fr\/\"><span>Continue reading<\/span><i class=\"crycon-right-dir\"><\/i><\/a> <\/p>\n","protected":false},"author":1,"featured_media":0,"parent":0,"menu_order":0,"comment_status":"closed","ping_status":"closed","template":"","meta":{"footnotes":""},"class_list":["post-4","page","type-page","status-publish","hentry"],"_links":{"self":[{"href":"https:\/\/ia-energie.loria.fr\/fr\/wp-json\/wp\/v2\/pages\/4","targetHints":{"allow":["GET"]}}],"collection":[{"href":"https:\/\/ia-energie.loria.fr\/fr\/wp-json\/wp\/v2\/pages"}],"about":[{"href":"https:\/\/ia-energie.loria.fr\/fr\/wp-json\/wp\/v2\/types\/page"}],"author":[{"embeddable":true,"href":"https:\/\/ia-energie.loria.fr\/fr\/wp-json\/wp\/v2\/users\/1"}],"replies":[{"embeddable":true,"href":"https:\/\/ia-energie.loria.fr\/fr\/wp-json\/wp\/v2\/comments?post=4"}],"version-history":[{"count":18,"href":"https:\/\/ia-energie.loria.fr\/fr\/wp-json\/wp\/v2\/pages\/4\/revisions"}],"predecessor-version":[{"id":134,"href":"https:\/\/ia-energie.loria.fr\/fr\/wp-json\/wp\/v2\/pages\/4\/revisions\/134"}],"wp:attachment":[{"href":"https:\/\/ia-energie.loria.fr\/fr\/wp-json\/wp\/v2\/media?parent=4"}],"curies":[{"name":"wp","href":"https:\/\/api.w.org\/{rel}","templated":true}]}}