

{"id":64,"date":"2022-02-09T11:46:39","date_gmt":"2022-02-09T10:46:39","guid":{"rendered":"https:\/\/project.inria.fr\/iaenergie\/?page_id=64"},"modified":"2022-03-16T09:15:59","modified_gmt":"2022-03-16T08:15:59","slug":"programme","status":"publish","type":"page","link":"https:\/\/ia-energie.loria.fr\/fr\/programme\/","title":{"rendered":"Programme"},"content":{"rendered":"<h4><span style=\"color: #3dade2;\">14h &#8211; 17h : S\u00e9minaire scientifique<\/span><\/h4>\n<p><strong><span style=\"color: #588ab5;\">Les activit\u00e9s li\u00e9es \u00e0 l\u2019\u00e9nergie au Loria et \u00e0 CentraleSup\u00e9lec<\/span><\/strong><br \/>\n<em>Vincent Chevrier (LORIA\/Universit\u00e9 de Lorraine), Fr\u00e9d\u00e9ric Pennerath (LORIA\/CentraleSup\u00e9lec)<br \/>\n<\/em><\/p>\n<p style=\"padding-left: 30px;\">L\u2019objectif est de dresser un \u00e9tat des lieux des principales activit\u00e9s en relation avec le th\u00e8me de l\u2019\u00e9nergie et de l\u2019IA qui sont conduites au LORIA et sur le campus de Metz de CentraleSup\u00e9lec.<\/p>\n<p><strong><span style=\"color: #588ab5;\">L&rsquo;humain dans la boucle : interactivit\u00e9 et visualisation<\/span><br \/>\n<\/strong><em>Lydia Boudjeloud-Assala (LORIA\/Universit\u00e9 de Lorraine)<br \/>\n<\/em><\/p>\n<p style=\"padding-left: 30px;\">Je pr\u00e9senterai un bilan de mes travaux de recherche sur les approches coop\u00e9ratives combinant des m\u00e9thodes interactives de visualisation et des m\u00e9thodes automatiques pour des probl\u00e9matiques de fouille de donn\u00e9es et de machine learning \u00e0 travers l\u2019analyse visuelle, la fouille visuelle de donn\u00e9es et le machine learning interactif.<br \/>\nJe pr\u00e9senterai diff\u00e9rentes possibilit\u00e9s d&rsquo;impliquer l&rsquo;utilisateur dans le processus de fouille et d\u2019apprentissage afin d&rsquo;am\u00e9liorer sa confiance et sa compr\u00e9hension dans les mod\u00e8les ou r\u00e9sultats obtenus. De nouveaux challenges pour ces m\u00e9thodes, qui doivent pouvoir traiter non seulement des quantit\u00e9s de plus en plus importantes de donn\u00e9es mais aussi des donn\u00e9es qui peuvent \u00e9voluer dans le temps, seront \u00e9galement pr\u00e9sent\u00e9s et discut\u00e9s.<\/p>\n<p><strong><span style=\"color: #588ab5;\">Machine learning interactif pour les op\u00e9rateurs du r\u00e9seau \u00e9lectrique<\/span><br \/>\n<\/strong><em>Laure Crochepierre (RTE, Universit\u00e9 de Lorraine)<\/em><\/p>\n<p style=\"padding-left: 30px;\">L&rsquo;arriv\u00e9e progressive de nouvelles activit\u00e9s sur le r\u00e9seau de transport d&rsquo;\u00e9lectricit\u00e9, en lien avec la croissance du renouvelable et des \u00e9changes aux fronti\u00e8res, laisse aujourd&rsquo;hui entrevoir des opportunit\u00e9s d&rsquo;application de l&rsquo;intelligence artificielle dans la conduite du r\u00e9seau. Cependant, ces algorithmes d&rsquo;IA sont souvent vus comme des \u00ab\u00a0bo\u00eetes noires\u00a0\u00bb dont les r\u00e9sultats sont peu interpr\u00e9tables et avec lesquels il est difficile d&rsquo;interagir. Nos travaux visent \u00e0 construire une repr\u00e9sentation symbolique de l&rsquo;information, compr\u00e9hensible par l&rsquo;humain et g\u00e9n\u00e9r\u00e9e par un algorithme capable de prendre en compte de la connaissance physique et de l&rsquo;expertise m\u00e9tier pour, in fine, assister les op\u00e9rateurs du r\u00e9seau dans leurs \u00e9tudes des contraintes de transit.<\/p>\n<h5>PAUSE<\/h5>\n<p><strong><span style=\"color: #588ab5;\">Exc\u00e8s, mensonges et fiascos de l&rsquo;IA : de la n\u00e9cessit\u00e9 d&rsquo;une IA capable de douter pour ne plus nous tromper<\/span><\/strong><br \/>\n<em>Fr\u00e9d\u00e9ric Pennerath (LORIA\/CentraleSup\u00e9lec)<br \/>\n<\/em><\/p>\n<p style=\"padding-left: 30px;\">\u00c9blouie par les prouesses technologiques des mod\u00e8les neuronaux profonds, la soci\u00e9t\u00e9 place parfois en l\u2019intelligence artificielle des attentes excessives, au-del\u00e0 de ce qu\u2019il est possible de faire. Afin de pouvoir s\u00e9parer le bon grain de l\u2019ivraie, c\u2019est-\u00e0-dire distinguer les applications prometteuses de l\u2019IA de celles plus fantaisistes vou\u00e9es \u00e0 l\u2019\u00e9chec, cette pr\u00e9sentation commencera par rappeler quelques notions simples mais tr\u00e8s utiles en statistiques. On r\u00e9alisera ainsi l\u2019importance de concevoir des IA capables de douter, c\u2019est-\u00e0-dire d\u2019assortir leur pr\u00e9diction d\u2019un degr\u00e9 de certitude estim\u00e9 \u00e0 son plus juste niveau. On pr\u00e9sentera de fa\u00e7on non technique une approche scientifique capable d\u2019atteindre cet objectif. Enfin on montrera que la prise en compte des incertitudes, loin d\u2019\u00eatre un aveu d\u2019\u00e9chec, peut renforcer notre confiance en l\u2019IA, ouvre la voie \u00e0 de nouvelles applications et constitue au final une v\u00e9ritable source de valeur pour les entreprises, en particulier pour le secteur de l\u2019\u00e9nergie.<\/p>\n<p><strong><span style=\"color: #588ab5;\">Une IA explicable pour la rendre acceptable<\/span><\/strong><br \/>\n<em>Alice Duquenne, ing\u00e9nieure-chercheuse en science des donn\u00e9es, EDF R&amp;D<\/em><\/p>\n<p>L&rsquo;IA conna\u00eet un essor important depuis ces derni\u00e8res ann\u00e9es, dans de nombreux domaines. La recherche de performance en IA conduit \u00e0 des algorithmes \u00ab\u00a0bo\u00eete noire\u00a0\u00bb de plus en plus sophistiqu\u00e9s et complexes, pour lesquels il est souvent difficile de comprendre le fonctionnement sur les donn\u00e9es. Il devient d\u00e8s lors indispensable de se tourner vers les techniques d&rsquo;explicabilit\u00e9 : pour apporter une meilleure compr\u00e9hension, transparence et confiance dans les mod\u00e8les, et ainsi renforcer leur acceptabilit\u00e9 et leur auditabilit\u00e9.<\/p>\n<p><strong><span style=\"color: #588ab5;\">Le Data Center d\u2019Enseignement : un cluster CPU\/GPU pour les \u00e9tudiants et leurs enseignements<\/span><\/strong><br \/>\n<em>J\u00e9r\u00e9my Fix (LORIA\/CentraleSup\u00e9lec)<br \/>\n<\/em><\/p>\n<p style=\"padding-left: 30px;\">La renaissance des algorithmes d\u2019intelligence artificielle, en particulier des r\u00e9seaux de neurones profonds en 2010, est la cons\u00e9quence de trois facteurs : une meilleure compr\u00e9hension des algorithmes, la disponibilit\u00e9 d\u2019une \u00e9norme masse de donn\u00e9es \u00e9tiquet\u00e9es et l\u2019utilisation d\u2019une infrastructure mat\u00e9rielle d\u00e9di\u00e9e efficace. On pr\u00e9sentera succinctement l\u2019infrastructure logicielle et mat\u00e9rielle du centre de calcul pour l\u2019enseignement que nous administrons sur le campus de CentraleSup\u00e9lec permettant un acc\u00e8s tr\u00e8s simple pour les \u00e9tudiants \u00e0 de puissantes ressources de calcul.<\/p>\n<p><strong><span style=\"color: #588ab5;\">Projets IA en formation ing\u00e9nieur : collaborations fructueuses entre recherche et entreprise<\/span><\/strong><\/p>\n<p>CentraleSup\u00e9lec est une \u00e9cole d\u2019ing\u00e9nieurs ayant vocation \u00e0 travailler \u00e9troitement avec le monde de l\u2019entreprise. Les projets inscrits dans le cursus de l\u2019\u00e9cole sont l\u2019occasion de r\u00e9unir \u00e9tudiants, ing\u00e9nieurs en poste et enseignants-chercheurs pour r\u00e9soudre un probl\u00e8me industriel. Cette pr\u00e9sentation illustrera \u00e0 travers quelques exemples de projet l\u2019int\u00e9r\u00eat de ce type de collaboration ainsi que les comp\u00e9tences du corps enseignant dans le domaine de l\u2019IA.<\/p>\n<p>Intervenants :<\/p>\n<ul>\n<li><em>Michel Barret<\/em> &#8211;\u00a0R\u00e9seaux d\u2019\u00e9nergie intelligents<\/li>\n<li><em>Fr\u00e9d\u00e9ric Pennerath<\/em> &#8211;\u00a0Mod\u00e9lisation pr\u00e9dictive pour la production d\u2019\u00e9nergie PV.<\/li>\n<li><em>Herv\u00e9 Frezza-Buet et J\u00e9r\u00e9my Fix<\/em>\u00a0&#8211; NavIA: segmentation s\u00e9mantique pour la navigation de drones.<\/li>\n<li><em>St\u00e9phane Rossignol<\/em> &#8211;\u00a0IA, traitement du signal et du son<\/li>\n<li><em>Jo\u00ebl Legrand<\/em>\u00a0&#8211; IA et traitement du langage naturel<\/li>\n<\/ul>\n<h4><span style=\"color: #3dade2;\">17h &#8211; 18h : Workshop<\/span><\/h4>\n<p><strong><span style=\"color: #588ab5;\">Animation Herv\u00e9 Frezza-Buet (Loria\/CentraleSup\u00e9lec)<\/span><\/strong><\/p>\n<p>Pr\u00e9sentations de projets R&amp;D des entreprises\u00a0:<\/p>\n<ul>\n<li>EDF\u00a0:<\/li>\n<\/ul>\n<p>Marie KENNIS &#8211; Chef de groupe \u00ab Statistique et Outils d\u2019Aide \u00e0 la D\u00e9cision \u00bb \u2013 R&amp;D D\u00e9partement SEQUOIA<\/p>\n<ul>\n<li>M\u00e9troscope :<\/li>\n<\/ul>\n<p>Valentin DROUET &#8211; PhD, Lead Modeling Engineer<\/p>\n<ul>\n<li>eFLUID\u00a0:<\/li>\n<\/ul>\n<p>Olivier BOUVILLE &#8211; Service EF Comptage et R\u00e9seaux \u2013 Responsable Division Syst\u00e8mes Connect\u00e9s Mobilit\u00e9<\/p>\n<ul>\n<li>VINCI Energies\u00a0:<\/li>\n<\/ul>\n<p>Fran\u00e7ois LEMAISTRE \u2013 Directeur de la marque AXIANS, et R\u00e9f\u00e9rent IA<\/p>\n<h4><span style=\"color: #3dade2;\">18h &#8211; 19h : Afterwork<\/span><\/h4>\n<p>D\u00e9monstration d\u2019applications en Intelligence Artificielle<\/p>\n<p>Networking et Cocktail<\/p>\n","protected":false},"excerpt":{"rendered":"<p>14h &#8211; 17h : S\u00e9minaire scientifique Les activit\u00e9s li\u00e9es \u00e0 l\u2019\u00e9nergie au Loria et \u00e0 CentraleSup\u00e9lec Vincent Chevrier (LORIA\/Universit\u00e9 de Lorraine), Fr\u00e9d\u00e9ric Pennerath (LORIA\/CentraleSup\u00e9lec) L\u2019objectif est de dresser un \u00e9tat des lieux des principales activit\u00e9s en relation avec le th\u00e8me de l\u2019\u00e9nergie et de l\u2019IA qui sont conduites au LORIA\u2026<\/p>\n<p> <a class=\"continue-reading-link\" href=\"https:\/\/ia-energie.loria.fr\/fr\/programme\/\"><span>Continue reading<\/span><i class=\"crycon-right-dir\"><\/i><\/a> <\/p>\n","protected":false},"author":1965,"featured_media":0,"parent":0,"menu_order":0,"comment_status":"closed","ping_status":"closed","template":"","meta":{"footnotes":""},"class_list":["post-64","page","type-page","status-publish","hentry"],"_links":{"self":[{"href":"https:\/\/ia-energie.loria.fr\/fr\/wp-json\/wp\/v2\/pages\/64","targetHints":{"allow":["GET"]}}],"collection":[{"href":"https:\/\/ia-energie.loria.fr\/fr\/wp-json\/wp\/v2\/pages"}],"about":[{"href":"https:\/\/ia-energie.loria.fr\/fr\/wp-json\/wp\/v2\/types\/page"}],"author":[{"embeddable":true,"href":"https:\/\/ia-energie.loria.fr\/fr\/wp-json\/wp\/v2\/users\/1965"}],"replies":[{"embeddable":true,"href":"https:\/\/ia-energie.loria.fr\/fr\/wp-json\/wp\/v2\/comments?post=64"}],"version-history":[{"count":29,"href":"https:\/\/ia-energie.loria.fr\/fr\/wp-json\/wp\/v2\/pages\/64\/revisions"}],"predecessor-version":[{"id":158,"href":"https:\/\/ia-energie.loria.fr\/fr\/wp-json\/wp\/v2\/pages\/64\/revisions\/158"}],"wp:attachment":[{"href":"https:\/\/ia-energie.loria.fr\/fr\/wp-json\/wp\/v2\/media?parent=64"}],"curies":[{"name":"wp","href":"https:\/\/api.w.org\/{rel}","templated":true}]}}