

{"id":71,"date":"2022-02-09T11:47:31","date_gmt":"2022-02-09T10:47:31","guid":{"rendered":"https:\/\/project.inria.fr\/iaenergie\/?page_id=71"},"modified":"2022-02-11T09:45:43","modified_gmt":"2022-02-11T08:45:43","slug":"inscription","status":"publish","type":"page","link":"https:\/\/ia-energie.loria.fr\/fr\/inscription\/","title":{"rendered":"Inscription"},"content":{"rendered":"<h3>Nous vous remercions de compl\u00e9ter <a href=\"https:\/\/survey.centralesupelec.fr\/index.php\/992465?lang=fr\">ce formulaire<\/a> pour vous inscrire au S\u00e9minaire IA et \u00e9nergie du 24 mars \u00e0 CentraleSup\u00e9lec Metz.<\/h3>\n","protected":false},"excerpt":{"rendered":"<p>Nous vous remercions de compl\u00e9ter ce formulaire pour vous inscrire au S\u00e9minaire IA et \u00e9nergie du 24 mars \u00e0 CentraleSup\u00e9lec Metz.<\/p>\n<p> <a class=\"continue-reading-link\" href=\"https:\/\/ia-energie.loria.fr\/fr\/inscription\/\"><span>Continue reading<\/span><i class=\"crycon-right-dir\"><\/i><\/a> <\/p>\n","protected":false},"author":1965,"featured_media":0,"parent":0,"menu_order":0,"comment_status":"closed","ping_status":"closed","template":"","meta":{"footnotes":""},"class_list":["post-71","page","type-page","status-publish","hentry"],"_links":{"self":[{"href":"https:\/\/ia-energie.loria.fr\/fr\/wp-json\/wp\/v2\/pages\/71","targetHints":{"allow":["GET"]}}],"collection":[{"href":"https:\/\/ia-energie.loria.fr\/fr\/wp-json\/wp\/v2\/pages"}],"about":[{"href":"https:\/\/ia-energie.loria.fr\/fr\/wp-json\/wp\/v2\/types\/page"}],"author":[{"embeddable":true,"href":"https:\/\/ia-energie.loria.fr\/fr\/wp-json\/wp\/v2\/users\/1965"}],"replies":[{"embeddable":true,"href":"https:\/\/ia-energie.loria.fr\/fr\/wp-json\/wp\/v2\/comments?post=71"}],"version-history":[{"count":4,"href":"https:\/\/ia-energie.loria.fr\/fr\/wp-json\/wp\/v2\/pages\/71\/revisions"}],"predecessor-version":[{"id":123,"href":"https:\/\/ia-energie.loria.fr\/fr\/wp-json\/wp\/v2\/pages\/71\/revisions\/123"}],"wp:attachment":[{"href":"https:\/\/ia-energie.loria.fr\/fr\/wp-json\/wp\/v2\/media?parent=71"}],"curies":[{"name":"wp","href":"https:\/\/api.w.org\/{rel}","templated":true}]}}